{"id":258,"date":"2021-01-21T13:18:37","date_gmt":"2021-01-21T13:18:37","guid":{"rendered":"https:\/\/advice.inf.br\/?page_id=258"},"modified":"2021-01-21T13:25:48","modified_gmt":"2021-01-21T13:25:48","slug":"sobre-nos","status":"publish","type":"page","link":"https:\/\/advice.inf.br\/?page_id=258","title":{"rendered":"Sobre n\u00f3s"},"content":{"rendered":"\t\t<div data-elementor-type=\"wp-page\" data-elementor-id=\"258\" class=\"elementor elementor-258\" data-elementor-post-type=\"page\">\n\t\t\t\t\t\t<section class=\"elementor-section elementor-top-section elementor-element elementor-element-38985729 elementor-section-height-min-height elementor-section-boxed elementor-section-height-default elementor-section-items-middle\" data-id=\"38985729\" data-element_type=\"section\" data-settings=\"{&quot;background_background&quot;:&quot;gradient&quot;,&quot;shape_divider_bottom&quot;:&quot;waves&quot;}\">\n\t\t\t\t\t\t\t<div class=\"elementor-background-overlay\"><\/div>\n\t\t\t\t\t\t<div class=\"elementor-shape elementor-shape-bottom\" aria-hidden=\"true\" data-negative=\"false\">\n\t\t\t<svg xmlns=\"http:\/\/www.w3.org\/2000\/svg\" viewBox=\"0 0 1000 100\" preserveAspectRatio=\"none\">\n\t<path class=\"elementor-shape-fill\" d=\"M421.9,6.5c22.6-2.5,51.5,0.4,75.5,5.3c23.6,4.9,70.9,23.5,100.5,35.7c75.8,32.2,133.7,44.5,192.6,49.7\n\tc23.6,2.1,48.7,3.5,103.4-2.5c54.7-6,106.2-25.6,106.2-25.6V0H0v30.3c0,0,72,32.6,158.4,30.5c39.2-0.7,92.8-6.7,134-22.4\n\tc21.2-8.1,52.2-18.2,79.7-24.2C399.3,7.9,411.6,7.5,421.9,6.5z\"\/>\n<\/svg>\t\t<\/div>\n\t\t\t\t\t<div class=\"elementor-container elementor-column-gap-default\">\n\t\t\t\t\t<div class=\"elementor-column elementor-col-100 elementor-top-column elementor-element elementor-element-356a16c6\" data-id=\"356a16c6\" data-element_type=\"column\">\n\t\t\t<div class=\"elementor-widget-wrap elementor-element-populated\">\n\t\t\t\t\t\t<div class=\"elementor-element elementor-element-fc3bd4d elementor-widget elementor-widget-heading\" data-id=\"fc3bd4d\" data-element_type=\"widget\" data-widget_type=\"heading.default\">\n\t\t\t\t<div class=\"elementor-widget-container\">\n\t\t\t\t\t<h1 class=\"elementor-heading-title elementor-size-default\">Sobre N\u00f3s<\/h1>\t\t\t\t<\/div>\n\t\t\t\t<\/div>\n\t\t\t\t\t<\/div>\n\t\t<\/div>\n\t\t\t\t\t<\/div>\n\t\t<\/section>\n\t\t\t\t<section class=\"elementor-section elementor-top-section elementor-element elementor-element-4609924f elementor-reverse-mobile elementor-section-boxed elementor-section-height-default elementor-section-height-default\" data-id=\"4609924f\" data-element_type=\"section\" data-settings=\"{&quot;background_background&quot;:&quot;classic&quot;}\">\n\t\t\t\t\t\t\t<div class=\"elementor-background-overlay\"><\/div>\n\t\t\t\t\t\t\t<div class=\"elementor-container elementor-column-gap-default\">\n\t\t\t\t\t<div class=\"elementor-column elementor-col-50 elementor-top-column elementor-element elementor-element-54cec3ee\" data-id=\"54cec3ee\" data-element_type=\"column\">\n\t\t\t<div class=\"elementor-widget-wrap elementor-element-populated\">\n\t\t\t\t\t\t<div class=\"elementor-element elementor-element-494eeb9f elementor-widget elementor-widget-heading\" data-id=\"494eeb9f\" data-element_type=\"widget\" data-settings=\"{&quot;motion_fx_motion_fx_scrolling&quot;:&quot;yes&quot;,&quot;motion_fx_translateY_effect&quot;:&quot;yes&quot;,&quot;motion_fx_translateY_speed&quot;:{&quot;unit&quot;:&quot;px&quot;,&quot;size&quot;:&quot;0.5&quot;,&quot;sizes&quot;:[]},&quot;motion_fx_translateY_affectedRange&quot;:{&quot;unit&quot;:&quot;%&quot;,&quot;size&quot;:&quot;&quot;,&quot;sizes&quot;:{&quot;start&quot;:&quot;0&quot;,&quot;end&quot;:&quot;50&quot;}},&quot;motion_fx_opacity_effect&quot;:&quot;yes&quot;,&quot;motion_fx_opacity_range&quot;:{&quot;unit&quot;:&quot;%&quot;,&quot;size&quot;:&quot;&quot;,&quot;sizes&quot;:{&quot;start&quot;:&quot;0&quot;,&quot;end&quot;:&quot;50&quot;}},&quot;motion_fx_opacity_direction&quot;:&quot;out-in&quot;,&quot;motion_fx_opacity_level&quot;:{&quot;unit&quot;:&quot;px&quot;,&quot;size&quot;:10,&quot;sizes&quot;:[]},&quot;motion_fx_devices&quot;:[&quot;desktop&quot;,&quot;tablet&quot;,&quot;mobile&quot;]}\" data-widget_type=\"heading.default\">\n\t\t\t\t<div class=\"elementor-widget-container\">\n\t\t\t\t\t<h2 class=\"elementor-heading-title elementor-size-default\">Trabalhamos para promover ambientes produtivos e otimizados para a sua rotina.<\/h2>\t\t\t\t<\/div>\n\t\t\t\t<\/div>\n\t\t\t\t<div class=\"elementor-element elementor-element-25bd2805 elementor-widget elementor-widget-text-editor\" data-id=\"25bd2805\" data-element_type=\"widget\" data-widget_type=\"text-editor.default\">\n\t\t\t\t<div class=\"elementor-widget-container\">\n\t\t\t\t\t\t\t\t\t<p>Somos uma empresa especializada em solu\u00e7\u00f5es de informa\u00e7\u00e3o h\u00e1 mais de 25 anos.<\/p><p>Desenvolvemos e crescemos nosso neg\u00f3cio acompanhando as tend\u00eancias e novidades dispon\u00edveis no mercado, oferecendo assim, o que h\u00e1 de melhor para voc\u00ea e sua empresa.<\/p><p>Temos uma estrutura f\u00edsica pr\u00f3pria e organizada para atender com excel\u00eancia.<\/p><p>Investimos em equipamentos e qualifica\u00e7\u00e3o profissional, treinando nossa equipe para atender com prontid\u00e3o, cortesia e promovendo as ferramentas mais adequadas durante todo o processo de trabalho.<\/p><p>Nossa miss\u00e3o \u00e9 proporcionar maior qualidade de trabalho e otimizar atividades di\u00e1rias, com foco na diferencia\u00e7\u00e3o e no comprometimento com as entregas.<\/p><p>Estamos em constante evolu\u00e7\u00e3o e trabalhamos juntos com nossos clientes para garantir satisfa\u00e7\u00e3o e resultados positivos.<\/p><p><b>Prazer, somos a Advice! <\/b><\/p>\t\t\t\t\t\t\t\t<\/div>\n\t\t\t\t<\/div>\n\t\t\t\t\t<\/div>\n\t\t<\/div>\n\t\t\t\t<div class=\"elementor-column elementor-col-50 elementor-top-column elementor-element elementor-element-7d25b21e\" data-id=\"7d25b21e\" data-element_type=\"column\">\n\t\t\t<div class=\"elementor-widget-wrap elementor-element-populated\">\n\t\t\t\t\t\t<div class=\"elementor-element elementor-element-6a07854 elementor-widget elementor-widget-image\" data-id=\"6a07854\" data-element_type=\"widget\" data-widget_type=\"image.default\">\n\t\t\t\t<div class=\"elementor-widget-container\">\n\t\t\t\t\t\t\t\t\t\t\t\t\t\t\t<img fetchpriority=\"high\" decoding=\"async\" width=\"1976\" height=\"1976\" src=\"https:\/\/advice.inf.br\/wp-content\/uploads\/2021\/01\/Advice_013.jpg\" class=\"attachment-full size-full wp-image-69\" alt=\"Fachada da Advice Tecnologia da Informa\u00e7\u00e3o\" srcset=\"https:\/\/advice.inf.br\/wp-content\/uploads\/2021\/01\/Advice_013.jpg 1976w, https:\/\/advice.inf.br\/wp-content\/uploads\/2021\/01\/Advice_013-300x300.jpg 300w, https:\/\/advice.inf.br\/wp-content\/uploads\/2021\/01\/Advice_013-1024x1024.jpg 1024w, https:\/\/advice.inf.br\/wp-content\/uploads\/2021\/01\/Advice_013-150x150.jpg 150w, https:\/\/advice.inf.br\/wp-content\/uploads\/2021\/01\/Advice_013-768x768.jpg 768w, https:\/\/advice.inf.br\/wp-content\/uploads\/2021\/01\/Advice_013-1536x1536.jpg 1536w\" sizes=\"(max-width: 1976px) 100vw, 1976px\" \/>\t\t\t\t\t\t\t\t\t\t\t\t\t\t\t<\/div>\n\t\t\t\t<\/div>\n\t\t\t\t<div class=\"elementor-element elementor-element-4d37b6a7 elementor-widget elementor-widget-image\" data-id=\"4d37b6a7\" data-element_type=\"widget\" data-widget_type=\"image.default\">\n\t\t\t\t<div class=\"elementor-widget-container\">\n\t\t\t\t\t\t\t\t\t\t\t\t\t\t\t<img decoding=\"async\" width=\"600\" height=\"600\" src=\"https:\/\/advice.inf.br\/wp-content\/uploads\/2021\/01\/sala-financeiro-e1611177093432.jpg\" class=\"attachment-full size-full wp-image-209\" alt=\"Sala da Advice Tecnologia da Informa\u00e7\u00e3o\" \/>\t\t\t\t\t\t\t\t\t\t\t\t\t\t\t<\/div>\n\t\t\t\t<\/div>\n\t\t\t\t\t<\/div>\n\t\t<\/div>\n\t\t\t\t\t<\/div>\n\t\t<\/section>\n\t\t\t\t<section class=\"elementor-section elementor-top-section elementor-element elementor-element-4829a309 elementor-section-boxed elementor-section-height-default elementor-section-height-default\" data-id=\"4829a309\" data-element_type=\"section\">\n\t\t\t\t\t\t<div class=\"elementor-container elementor-column-gap-default\">\n\t\t\t\t\t<div class=\"elementor-column elementor-col-100 elementor-top-column elementor-element elementor-element-4dc06b09\" data-id=\"4dc06b09\" data-element_type=\"column\">\n\t\t\t<div class=\"elementor-widget-wrap elementor-element-populated\">\n\t\t\t\t\t\t<div class=\"elementor-element elementor-element-426e8c51 elementor-widget-divider--view-line elementor-widget elementor-widget-divider\" data-id=\"426e8c51\" data-element_type=\"widget\" data-widget_type=\"divider.default\">\n\t\t\t\t<div class=\"elementor-widget-container\">\n\t\t\t\t\t\t\t<div class=\"elementor-divider\">\n\t\t\t<span class=\"elementor-divider-separator\">\n\t\t\t\t\t\t<\/span>\n\t\t<\/div>\n\t\t\t\t\t\t<\/div>\n\t\t\t\t<\/div>\n\t\t\t\t<section class=\"elementor-section elementor-inner-section elementor-element elementor-element-58017fb4 elementor-section-boxed elementor-section-height-default elementor-section-height-default\" data-id=\"58017fb4\" data-element_type=\"section\">\n\t\t\t\t\t\t<div class=\"elementor-container elementor-column-gap-default\">\n\t\t\t\t\t<div class=\"elementor-column elementor-col-50 elementor-inner-column elementor-element elementor-element-42a865db\" data-id=\"42a865db\" data-element_type=\"column\">\n\t\t\t<div class=\"elementor-widget-wrap elementor-element-populated\">\n\t\t\t\t\t\t<div class=\"elementor-element elementor-element-736667e5 elementor-widget elementor-widget-heading\" data-id=\"736667e5\" data-element_type=\"widget\" data-widget_type=\"heading.default\">\n\t\t\t\t<div class=\"elementor-widget-container\">\n\t\t\t\t\t<h2 class=\"elementor-heading-title elementor-size-default\">Temos atua\u00e7\u00e3o nacional e internacional.<\/h2>\t\t\t\t<\/div>\n\t\t\t\t<\/div>\n\t\t\t\t<div class=\"elementor-element elementor-element-64462d06 elementor-widget elementor-widget-text-editor\" data-id=\"64462d06\" data-element_type=\"widget\" data-widget_type=\"text-editor.default\">\n\t\t\t\t<div class=\"elementor-widget-container\">\n\t\t\t\t\t\t\t\t\t<p>Nosso modelo de atendimento h\u00edbrido e a estrutura dos nossos servi\u00e7os levam as melhores solu\u00e7\u00f5es de tecnologia para qualquer lugar do mundo.<\/p><p>Estamos presentes no M\u00e9xico e na Col\u00f4mbia, e em diversos estados do Brasil.<\/p><p>Confira nosso mapa de atua\u00e7\u00e3o nacional:<\/p>\t\t\t\t\t\t\t\t<\/div>\n\t\t\t\t<\/div>\n\t\t\t\t\t<\/div>\n\t\t<\/div>\n\t\t\t\t<div class=\"elementor-column elementor-col-50 elementor-inner-column elementor-element elementor-element-72e9510e\" data-id=\"72e9510e\" data-element_type=\"column\">\n\t\t\t<div class=\"elementor-widget-wrap elementor-element-populated\">\n\t\t\t\t\t\t<div class=\"elementor-element elementor-element-1f1e1247 elementor-widget elementor-widget-shortcode\" data-id=\"1f1e1247\" data-element_type=\"widget\" data-widget_type=\"shortcode.default\">\n\t\t\t\t<div class=\"elementor-widget-container\">\n\t\t\t\t\t\t\t<div class=\"elementor-shortcode\"><div class=\"map_wrapper\" id=\"map_wrapper_204\">\n<div class=\"map_box\" style=\"max-width:2200px\">\n<div class=\"map_aspect_ratio\" style=\"padding-top:56%\" data-padding-top=\"56%\" data-padding-top-mobile=\"\">\n<div class=\"map_container\">\n<div class=\"map_render map_loading\" id=\"map_204\"><\/div>\n<\/div>\n<\/div>\n<\/div>\n<\/div><\/div>\n\t\t\t\t\t\t<\/div>\n\t\t\t\t<\/div>\n\t\t\t\t\t<\/div>\n\t\t<\/div>\n\t\t\t\t\t<\/div>\n\t\t<\/section>\n\t\t\t\t\t<\/div>\n\t\t<\/div>\n\t\t\t\t\t<\/div>\n\t\t<\/section>\n\t\t\t\t<section class=\"elementor-section elementor-top-section elementor-element elementor-element-36f9b1b9 elementor-section-boxed elementor-section-height-default elementor-section-height-default\" data-id=\"36f9b1b9\" data-element_type=\"section\" data-settings=\"{&quot;background_background&quot;:&quot;classic&quot;}\">\n\t\t\t\t\t\t<div class=\"elementor-container elementor-column-gap-default\">\n\t\t\t\t\t<div class=\"elementor-column elementor-col-100 elementor-top-column elementor-element elementor-element-2a74c24e\" data-id=\"2a74c24e\" data-element_type=\"column\">\n\t\t\t<div class=\"elementor-widget-wrap elementor-element-populated\">\n\t\t\t\t\t\t<div class=\"elementor-element elementor-element-13b03a71 elementor-widget elementor-widget-heading\" data-id=\"13b03a71\" data-element_type=\"widget\" data-widget_type=\"heading.default\">\n\t\t\t\t<div class=\"elementor-widget-container\">\n\t\t\t\t\t<h2 class=\"elementor-heading-title elementor-size-default\">\u00daltimas not\u00edcias:<\/h2>\t\t\t\t<\/div>\n\t\t\t\t<\/div>\n\t\t\t\t<div class=\"elementor-element elementor-element-476b402 elementor-widget elementor-widget-global elementor-global-262 elementor-widget-heading\" data-id=\"476b402\" data-element_type=\"widget\" data-widget_type=\"heading.default\">\n\t\t\t\t<div class=\"elementor-widget-container\">\n\t\t\t\t\t<p class=\"elementor-heading-title elementor-size-default\">Em breve teremos not\u00edcias para compartilhar com voc\u00ea!<\/p>\t\t\t\t<\/div>\n\t\t\t\t<\/div>\n\t\t\t\t<div class=\"elementor-element elementor-element-3bd199cf elementor-hidden-desktop elementor-hidden-tablet elementor-hidden-phone elementor-grid-3 elementor-grid-tablet-2 elementor-grid-mobile-1 elementor-posts--thumbnail-top elementor-widget elementor-widget-posts\" data-id=\"3bd199cf\" data-element_type=\"widget\" data-settings=\"{&quot;classic_columns&quot;:&quot;3&quot;,&quot;classic_columns_tablet&quot;:&quot;2&quot;,&quot;classic_columns_mobile&quot;:&quot;1&quot;,&quot;classic_row_gap&quot;:{&quot;unit&quot;:&quot;px&quot;,&quot;size&quot;:35,&quot;sizes&quot;:[]},&quot;classic_row_gap_tablet&quot;:{&quot;unit&quot;:&quot;px&quot;,&quot;size&quot;:&quot;&quot;,&quot;sizes&quot;:[]},&quot;classic_row_gap_mobile&quot;:{&quot;unit&quot;:&quot;px&quot;,&quot;size&quot;:&quot;&quot;,&quot;sizes&quot;:[]}}\" data-widget_type=\"posts.classic\">\n\t\t\t\t<div class=\"elementor-widget-container\">\n\t\t\t\t\t\t\t<div class=\"elementor-posts-container elementor-posts elementor-posts--skin-classic elementor-grid\">\n\t\t\t\t<article class=\"elementor-post elementor-grid-item post-889 post type-post status-publish format-standard has-post-thumbnail hentry category-uncategorized\">\n\t\t\t\t<a class=\"elementor-post__thumbnail__link\" href=\"https:\/\/advice.inf.br\/?p=889\" tabindex=\"-1\">\n\t\t\t<div class=\"elementor-post__thumbnail\"><img decoding=\"async\" width=\"300\" height=\"249\" src=\"https:\/\/advice.inf.br\/wp-content\/uploads\/2021\/08\/WIFI3-300x249.png\" class=\"attachment-medium size-medium wp-image-895\" alt=\"\" srcset=\"https:\/\/advice.inf.br\/wp-content\/uploads\/2021\/08\/WIFI3-300x249.png 300w, https:\/\/advice.inf.br\/wp-content\/uploads\/2021\/08\/WIFI3.png 734w\" sizes=\"(max-width: 300px) 100vw, 300px\" \/><\/div>\n\t\t<\/a>\n\t\t\t\t<div class=\"elementor-post__text\">\n\t\t\t\t<h3 class=\"elementor-post__title\">\n\t\t\t<a href=\"https:\/\/advice.inf.br\/?p=889\">\n\t\t\t\tWi-fi Corporativo alcance e alta performance\t\t\t<\/a>\n\t\t<\/h3>\n\t\t\t\t<div class=\"elementor-post__meta-data\">\n\t\t\t\t\t<span class=\"elementor-post-date\">\n\t\t\t26\/08\/2021\t\t<\/span>\n\t\t\t\t<span class=\"elementor-post-avatar\">\n\t\t\tNenhum coment\u00e1rio\t\t<\/span>\n\t\t\t\t<\/div>\n\t\t\t\t<div class=\"elementor-post__excerpt\">\n\t\t\t<p>Voc\u00ea j\u00e1 conhece a solu\u00e7\u00e3o de Wi-fi Corporativo? \u00c9 uma tecnologia de conex\u00e3o e alcance robusta de distribui\u00e7\u00e3o de sinal de longo alcance, alta capacidade<\/p>\n\t\t<\/div>\n\t\t\n\t\t<a class=\"elementor-post__read-more\" href=\"https:\/\/advice.inf.br\/?p=889\" aria-label=\"Leia mais sobre Wi-fi Corporativo alcance e alta performance\" tabindex=\"-1\">\n\t\t\tLeia a not\u00edcia\t\t<\/a>\n\n\t\t\t\t<\/div>\n\t\t\t\t<\/article>\n\t\t\t\t<article class=\"elementor-post elementor-grid-item post-847 post type-post status-publish format-standard has-post-thumbnail hentry category-uncategorized\">\n\t\t\t\t<a class=\"elementor-post__thumbnail__link\" href=\"https:\/\/advice.inf.br\/?p=847\" tabindex=\"-1\">\n\t\t\t<div class=\"elementor-post__thumbnail\"><img loading=\"lazy\" decoding=\"async\" width=\"300\" height=\"206\" src=\"https:\/\/advice.inf.br\/wp-content\/uploads\/2021\/08\/Locacao-300x206.jpg\" class=\"attachment-medium size-medium wp-image-850\" alt=\"\" srcset=\"https:\/\/advice.inf.br\/wp-content\/uploads\/2021\/08\/Locacao-300x206.jpg 300w, https:\/\/advice.inf.br\/wp-content\/uploads\/2021\/08\/Locacao.jpg 599w\" sizes=\"(max-width: 300px) 100vw, 300px\" \/><\/div>\n\t\t<\/a>\n\t\t\t\t<div class=\"elementor-post__text\">\n\t\t\t\t<h3 class=\"elementor-post__title\">\n\t\t\t<a href=\"https:\/\/advice.inf.br\/?p=847\">\n\t\t\t\tLoca\u00e7\u00e3o de Equipamentos de TI \u00e9 com a ADVICE\t\t\t<\/a>\n\t\t<\/h3>\n\t\t\t\t<div class=\"elementor-post__meta-data\">\n\t\t\t\t\t<span class=\"elementor-post-date\">\n\t\t\t13\/08\/2021\t\t<\/span>\n\t\t\t\t<span class=\"elementor-post-avatar\">\n\t\t\tNenhum coment\u00e1rio\t\t<\/span>\n\t\t\t\t<\/div>\n\t\t\t\t<div class=\"elementor-post__excerpt\">\n\t\t\t<p>Mas voc\u00ea sabe quais s\u00e3o os tipos de equipamentos de TI que voc\u00ea pode locar para sua empresa? A loca\u00e7\u00e3o traz equipamentos de \u00faltima gera\u00e7\u00e3o<\/p>\n\t\t<\/div>\n\t\t\n\t\t<a class=\"elementor-post__read-more\" href=\"https:\/\/advice.inf.br\/?p=847\" aria-label=\"Leia mais sobre Loca\u00e7\u00e3o de Equipamentos de TI \u00e9 com a ADVICE\" tabindex=\"-1\">\n\t\t\tLeia a not\u00edcia\t\t<\/a>\n\n\t\t\t\t<\/div>\n\t\t\t\t<\/article>\n\t\t\t\t<article class=\"elementor-post elementor-grid-item post-781 post type-post status-publish format-standard has-post-thumbnail hentry category-conteudo-exclusivo\">\n\t\t\t\t<a class=\"elementor-post__thumbnail__link\" href=\"https:\/\/advice.inf.br\/?p=781\" tabindex=\"-1\">\n\t\t\t<div class=\"elementor-post__thumbnail\"><img loading=\"lazy\" decoding=\"async\" width=\"300\" height=\"281\" src=\"https:\/\/advice.inf.br\/wp-content\/uploads\/2021\/07\/DDA2-300x281.jpg\" class=\"attachment-medium size-medium wp-image-784\" alt=\"\" srcset=\"https:\/\/advice.inf.br\/wp-content\/uploads\/2021\/07\/DDA2-300x281.jpg 300w, https:\/\/advice.inf.br\/wp-content\/uploads\/2021\/07\/DDA2-768x720.jpg 768w, https:\/\/advice.inf.br\/wp-content\/uploads\/2021\/07\/DDA2.jpg 887w\" sizes=\"(max-width: 300px) 100vw, 300px\" \/><\/div>\n\t\t<\/a>\n\t\t\t\t<div class=\"elementor-post__text\">\n\t\t\t\t<h3 class=\"elementor-post__title\">\n\t\t\t<a href=\"https:\/\/advice.inf.br\/?p=781\">\n\t\t\t\tGUIA PR\u00c1TICO SOBRE DDA\t\t\t<\/a>\n\t\t<\/h3>\n\t\t\t\t<div class=\"elementor-post__meta-data\">\n\t\t\t\t\t<span class=\"elementor-post-date\">\n\t\t\t06\/07\/2021\t\t<\/span>\n\t\t\t\t<span class=\"elementor-post-avatar\">\n\t\t\tNenhum coment\u00e1rio\t\t<\/span>\n\t\t\t\t<\/div>\n\t\t\t\t<div class=\"elementor-post__excerpt\">\n\t\t\t<p>O DDA ou&nbsp;D\u00c9BITO DIRETO AUTORIZADO \u00e9 o&nbsp;sistema de cobran\u00e7a baseado no envio de boletos eletr\u00f4nicos direto para o banco no qual o correntista possui conta.&nbsp;<\/p>\n\t\t<\/div>\n\t\t\n\t\t<a class=\"elementor-post__read-more\" href=\"https:\/\/advice.inf.br\/?p=781\" aria-label=\"Leia mais sobre GUIA PR\u00c1TICO SOBRE DDA\" tabindex=\"-1\">\n\t\t\tLeia a not\u00edcia\t\t<\/a>\n\n\t\t\t\t<\/div>\n\t\t\t\t<\/article>\n\t\t\t\t<article class=\"elementor-post elementor-grid-item post-1 post type-post status-publish format-standard has-post-thumbnail hentry category-uncategorized\">\n\t\t\t\t<a class=\"elementor-post__thumbnail__link\" href=\"https:\/\/advice.inf.br\/?p=1\" tabindex=\"-1\">\n\t\t\t<div class=\"elementor-post__thumbnail\"><img loading=\"lazy\" decoding=\"async\" width=\"300\" height=\"220\" src=\"https:\/\/advice.inf.br\/wp-content\/uploads\/2021\/02\/lei-protecao-dados-300x220.jpg\" class=\"attachment-medium size-medium wp-image-369\" alt=\"\" srcset=\"https:\/\/advice.inf.br\/wp-content\/uploads\/2021\/02\/lei-protecao-dados-300x220.jpg 300w, https:\/\/advice.inf.br\/wp-content\/uploads\/2021\/02\/lei-protecao-dados-768x564.jpg 768w, https:\/\/advice.inf.br\/wp-content\/uploads\/2021\/02\/lei-protecao-dados.jpg 980w\" sizes=\"(max-width: 300px) 100vw, 300px\" \/><\/div>\n\t\t<\/a>\n\t\t\t\t<div class=\"elementor-post__text\">\n\t\t\t\t<h3 class=\"elementor-post__title\">\n\t\t\t<a href=\"https:\/\/advice.inf.br\/?p=1\">\n\t\t\t\tVazamento de Dados: Autoridade Nacional investiga vazamento de informa\u00e7\u00f5es de mais de 100 milh\u00f5es de brasileiros\t\t\t<\/a>\n\t\t<\/h3>\n\t\t\t\t<div class=\"elementor-post__meta-data\">\n\t\t\t\t\t<span class=\"elementor-post-date\">\n\t\t\t25\/02\/2021\t\t<\/span>\n\t\t\t\t<span class=\"elementor-post-avatar\">\n\t\t\tNenhum coment\u00e1rio\t\t<\/span>\n\t\t\t\t<\/div>\n\t\t\t\t<div class=\"elementor-post__excerpt\">\n\t\t\t<p>Nos \u00faltimos dias, temos acompanhado not\u00edcias divulgando vazamentos de dados pessoais no Brasil. Saiba mais sobre isso!<\/p>\n\t\t<\/div>\n\t\t\n\t\t<a class=\"elementor-post__read-more\" href=\"https:\/\/advice.inf.br\/?p=1\" aria-label=\"Leia mais sobre Vazamento de Dados: Autoridade Nacional investiga vazamento de informa\u00e7\u00f5es de mais de 100 milh\u00f5es de brasileiros\" tabindex=\"-1\">\n\t\t\tLeia a not\u00edcia\t\t<\/a>\n\n\t\t\t\t<\/div>\n\t\t\t\t<\/article>\n\t\t\t\t<\/div>\n\t\t\n\t\t\t\t\t\t<\/div>\n\t\t\t\t<\/div>\n\t\t\t\t\t<\/div>\n\t\t<\/div>\n\t\t\t\t\t<\/div>\n\t\t<\/section>\n\t\t\t\t<\/div>\n\t\t","protected":false},"excerpt":{"rendered":"<p>Sobre N\u00f3s Trabalhamos para promover ambientes produtivos e otimizados para a sua rotina. Somos uma empresa especializada em solu\u00e7\u00f5es de informa\u00e7\u00e3o h\u00e1 mais de 25 anos. Desenvolvemos e crescemos nosso neg\u00f3cio acompanhando as tend\u00eancias e novidades dispon\u00edveis no mercado, oferecendo assim, o que h\u00e1 de melhor para voc\u00ea e sua empresa. Temos uma estrutura f\u00edsica [&hellip;]<\/p>\n","protected":false},"author":1,"featured_media":0,"parent":0,"menu_order":0,"comment_status":"closed","ping_status":"closed","template":"","meta":{"footnotes":""},"class_list":["post-258","page","type-page","status-publish","hentry"],"_links":{"self":[{"href":"https:\/\/advice.inf.br\/index.php?rest_route=\/wp\/v2\/pages\/258","targetHints":{"allow":["GET"]}}],"collection":[{"href":"https:\/\/advice.inf.br\/index.php?rest_route=\/wp\/v2\/pages"}],"about":[{"href":"https:\/\/advice.inf.br\/index.php?rest_route=\/wp\/v2\/types\/page"}],"author":[{"embeddable":true,"href":"https:\/\/advice.inf.br\/index.php?rest_route=\/wp\/v2\/users\/1"}],"replies":[{"embeddable":true,"href":"https:\/\/advice.inf.br\/index.php?rest_route=%2Fwp%2Fv2%2Fcomments&post=258"}],"version-history":[{"count":4,"href":"https:\/\/advice.inf.br\/index.php?rest_route=\/wp\/v2\/pages\/258\/revisions"}],"predecessor-version":[{"id":288,"href":"https:\/\/advice.inf.br\/index.php?rest_route=\/wp\/v2\/pages\/258\/revisions\/288"}],"wp:attachment":[{"href":"https:\/\/advice.inf.br\/index.php?rest_route=%2Fwp%2Fv2%2Fmedia&parent=258"}],"curies":[{"name":"wp","href":"https:\/\/api.w.org\/{rel}","templated":true}]}}